{"id":225,"date":"2023-10-23T05:31:35","date_gmt":"2023-10-23T02:31:35","guid":{"rendered":"https:\/\/zebrasign.com\/?page_id=225"},"modified":"2025-05-08T11:48:41","modified_gmt":"2025-05-08T08:48:41","slug":"kontaktai","status":"publish","type":"page","link":"https:\/\/zebrasign.com\/lt\/kontaktai\/","title":{"rendered":"Kontaktai"},"content":{"rendered":"\n<section class=\"wp-block-group container is-layout-constrained wp-container-core-group-layout-4 wp-block-group-is-layout-constrained\" style=\"padding-top:3rem;padding-bottom:2rem\">\n<h1 class=\"wp-block-heading\" id=\"h-kontaktai\" style=\"padding-bottom:1.25rem\">Kontaktai<\/h1>\n\n\n\n<div class=\"wp-block-columns container__inner wp-container-content-1 is-layout-flex wp-container-core-columns-layout-1 wp-block-columns-is-layout-flex\">\n<div class=\"wp-block-column is-layout-flow wp-block-column-is-layout-flow\">\n<div class=\"wp-block-group is-nowrap is-layout-flex wp-container-core-group-layout-1 wp-block-group-is-layout-flex\" style=\"padding-bottom:1.25rem\">\n<figure class=\"wp-block-image size-full\"><img decoding=\"async\" src=\"https:\/\/zebrasign.com\/wp-content\/uploads\/2023\/11\/location_on.svg\" alt=\"lokacijos ikona\" class=\"wp-image-407\" \/><\/figure>\n\n\n\n<p style=\"text-decoration:none\"><a href=\"https:\/\/maps.app.goo.gl\/CM8X621YVDLeWRzi9\" target=\"_blank\" rel=\"noreferrer noopener\">\u017dalgirio g. 72, Vilnius, Lietuva<\/a><\/p>\n<\/div>\n\n\n\n<div class=\"wp-block-group is-nowrap is-layout-flex wp-container-core-group-layout-2 wp-block-group-is-layout-flex\" style=\"padding-bottom:1.25rem\">\n<figure class=\"wp-block-image size-full\"><img decoding=\"async\" src=\"https:\/\/zebrasign.com\/wp-content\/uploads\/2023\/11\/Mail.svg\" alt=\"lai\u0161ko ikona\" class=\"wp-image-409\" \/><\/figure>\n\n\n\n<p style=\"text-decoration:none\"><a href=\"mailto:info@zebrasign.com\">info@zebrasign.com<\/a><\/p>\n<\/div>\n\n\n\n<div class=\"wp-block-group is-nowrap is-layout-flex wp-container-core-group-layout-3 wp-block-group-is-layout-flex\" style=\"padding-bottom:1.25rem\">\n<figure class=\"wp-block-image size-full\"><img decoding=\"async\" src=\"https:\/\/zebrasign.com\/wp-content\/uploads\/2023\/11\/phone.svg\" alt=\"Telefono ikona\" class=\"wp-image-411\" \/><\/figure>\n\n\n\n<p style=\"text-decoration:none\"><a href=\"tel:+37061961444\">+370 619 61444<\/a><\/p>\n<\/div>\n<\/div>\n\n\n\n<div class=\"wp-block-column is-layout-flow wp-block-column-is-layout-flow\">\n<p style=\"padding-bottom:0.6rem\">Zebracloud, AB<\/p>\n\n\n\n<p style=\"padding-bottom:0.6rem\">\u012emon\u0117s kodas 305694624<\/p>\n\n\n\n<p style=\"padding-bottom:0.6rem\">PVM kodas LT100013898117<\/p>\n\n\n\n<p style=\"padding-bottom:0.6rem\">A. s. LT347300010166332910<\/p>\n\n\n\n<p style=\"padding-bottom:0.6rem\">Bankas \u201eSwedbank\u201c, AB<\/p>\n<\/div>\n<\/div>\n<\/section>\n\n\n\n<p class=\"line-separator-mob-height has-zs-border-gradient-background has-background\" style=\"padding-top:15px;font-size:0px\"><\/p>\n\n\n\n<section class=\"wp-block-group container container-relative container--help anchor demo has-background is-nowrap is-layout-flex wp-container-core-group-layout-5 wp-block-group-is-layout-flex\" style=\"background-color:#eef5f5;padding-top:2.5rem\">\n<div class=\"wp-block-columns are-vertically-aligned-top container__inner--md is-layout-flex wp-container-core-columns-layout-2 wp-block-columns-is-layout-flex\">\n<div class=\"wp-block-column is-vertically-aligned-top container__inner is-layout-flow wp-block-column-is-layout-flow\">\n<div id='help-form'><\/div>\n<style>\n   #help-form {\n      visibility: hidden;\n      position: absolute;\n      top: -45px;\n      pointer-events: none;\n   }\n   .container-relative {\n      position: relative;\n   }\n<\/style>\n\n\n\n<h2 class=\"wp-block-heading\" style=\"padding-top:0rem;padding-bottom:1.25rem\">Reikalinga konsultacija?<\/h2>\n\n\n\n<p style=\"margin-bottom:20px;line-height:1.2\">Para\u0161ykite mums! Atsakysime \u012f visus klausimus, pristatysime ZebraSign sistem\u0105 ir aptarsime galimybes skaitmenizuoti bei efektyvinti J\u016bs\u0173 verslo procesus siekiant maksimalaus augimo.<\/p>\n\n\n\n<figure class=\"wp-block-image size-full\"><img loading=\"lazy\" decoding=\"async\" width=\"371\" height=\"371\" src=\"https:\/\/zebrasign.com\/wp-content\/uploads\/2025\/07\/Frame-3474-1.png\" alt=\"\" class=\"wp-image-8427\"\/><\/figure>\n<\/div>\n\n\n\n<div class=\"wp-block-column is-vertically-aligned-top zebra-form is-layout-flow wp-block-column-is-layout-flow\">\n<div id=\"web-form-653f5f0c1ccb8\"><\/div>\n<script>\n    (() => {\n      let s = document.getElementsByTagName('script');\n      let n = document.createElement('script');\n      n.src = 'https:\/\/cloud.zebracloud.com\/forms\/653f5f0c1ccb8\/load.app.js' + window.location.search;\n      s[s.length - 1].parentNode.insertBefore(n, s[s.length - 1]);\n    })();\n\nfunction setData(data) {\n    let event = new CustomEvent('setData', {\n        detail: {\n            action: 'set',\n            data: data\n        }\n    });\n\n    window.dispatchEvent(event);\n}\n<\/script>\n<\/div>\n<\/div>\n<\/section>\n\n\n\n<section class=\"wp-block-group container news has-background is-nowrap is-layout-flex wp-container-core-group-layout-12 wp-block-group-is-layout-flex\" style=\"background-color:#eef5f5\">\n<div class=\"wp-block-query container__inner--md is-layout-flow wp-block-query-is-layout-flow\">\n<div style=\"height:32px;width:0px\" aria-hidden=\"true\" class=\"wp-block-spacer\"><\/div>\n\n\n\n<h2 class=\"wp-block-heading\">Naujienos<\/h2>\n\n\n\n<div style=\"height:72px\" aria-hidden=\"true\" class=\"wp-block-spacer\"><\/div>\n\n\n<ul class=\"columns-3 news-posts-style wp-block-post-template is-layout-grid wp-container-core-post-template-layout-1 wp-block-post-template-is-layout-grid\"><li class=\"wp-block-post post-9742 news type-news status-publish format-standard has-post-thumbnail hentry\">\n\n<div id=\"{{post_permalink}}\" class=\"wp-block-group is-vertical is-nowrap is-layout-flex wp-container-core-group-layout-7 wp-block-group-is-layout-flex\">\n<div class=\"wp-block-group is-layout-constrained wp-block-group-is-layout-constrained\"><figure style=\"aspect-ratio:4\/3;\" class=\"wp-block-post-featured-image\"><a href=\"https:\/\/zebrasign.com\/lt\/naujienos\/docusign-vs-zebrasign\/\" target=\"_self\"  ><img loading=\"lazy\" decoding=\"async\" width=\"1024\" height=\"1536\" src=\"https:\/\/zebrasign.com\/wp-content\/uploads\/2025\/12\/Docusign-vs-Zebrasign-2.png\" class=\"attachment-post-thumbnail size-post-thumbnail wp-post-image\" alt=\"DocuSign ar Zebrasign? K\u0105 geriausia rinktis elektroniniam pasira\u0161ymui Lietuvoje?\" style=\"border-top-left-radius:10px;border-top-right-radius:10px;width:100%;height:100%;object-fit:cover;\" \/><\/a><\/figure>\n\n<h3 style=\"padding-right:1.25rem;padding-left:1.25rem;padding-top:1rem;padding-bottom:1rem;\" class=\"wp-block-post-title\">DocuSign ar Zebrasign? K\u0105 geriausia rinktis elektroniniam pasira\u0161ymui Lietuvoje?<\/h3>\n\n<div style=\"padding-top:0rem;padding-bottom:1.25rem;padding-left:1.25rem;padding-right:1.25rem;\" class=\"wp-block-post-excerpt\"><p class=\"wp-block-post-excerpt__excerpt\">Jei ie\u0161kote elektroninio pasira\u0161ymo sprendimo Lietuvoje, svarbu ne tik pavadinimas ar \u017einomumas, bet ir tai, kaip \u012frankis veikia m\u016bs\u0173 teisin\u0117je ir kasdien\u0117je aplinkoje. Lietuvoje \u012fprasta pasira\u0161yti su Smart-ID ar Mobiliuoju para\u0161u, greitai ir be papildom\u0173 \u017eingsni\u0173. Tod\u0117l renkantis tarp DocuSign ir ZebraSign verta \u012fvertinti, kuris sprendimas i\u0161 tikr\u0173j\u0173 pritaikytas vietiniams vartotojams ir verslo procesams. <\/p><\/div><\/div>\n\n\n<a style=\"padding-right:1.25rem;padding-left:1.25rem;padding-bottom:1rem; text-decoration:none;\" class=\"has-text-color has-zs-dark-green-color wp-block-read-more\" href=\"https:\/\/zebrasign.com\/lt\/naujienos\/docusign-vs-zebrasign\/\" target=\"_self\">Skaityti pla\u010diau<span class=\"screen-reader-text\">: DocuSign ar Zebrasign? K\u0105 geriausia rinktis elektroniniam pasira\u0161ymui Lietuvoje?<\/span><\/a><\/div>\n\n<\/li><li class=\"wp-block-post post-9513 news type-news status-publish format-standard has-post-thumbnail hentry\">\n\n<div id=\"{{post_permalink}}\" class=\"wp-block-group is-vertical is-nowrap is-layout-flex wp-container-core-group-layout-9 wp-block-group-is-layout-flex\">\n<div class=\"wp-block-group is-layout-constrained wp-block-group-is-layout-constrained\"><figure style=\"aspect-ratio:4\/3;\" class=\"wp-block-post-featured-image\"><a href=\"https:\/\/zebrasign.com\/lt\/naujienos\/elektroninis-parasas-smulkiam-vidutiniam-verslui-kaip-pasirinkti-tinkamiausia-2026-gidas\/\" target=\"_self\"  ><img loading=\"lazy\" decoding=\"async\" width=\"1312\" height=\"736\" src=\"https:\/\/zebrasign.com\/wp-content\/uploads\/2025\/12\/elektroninis-parasas-smulkiam-verslui.png\" class=\"attachment-post-thumbnail size-post-thumbnail wp-post-image\" alt=\"Elektroninis para\u0161as smulkiam-vidutiniam verslui: kaip pasirinkti tinkamiausi\u0105? (2026 gidas)\" style=\"border-top-left-radius:10px;border-top-right-radius:10px;width:100%;height:100%;object-fit:cover;\" \/><\/a><\/figure>\n\n<h3 style=\"padding-right:1.25rem;padding-left:1.25rem;padding-top:1rem;padding-bottom:1rem;\" class=\"wp-block-post-title\">Elektroninis para\u0161as smulkiam-vidutiniam verslui: kaip pasirinkti tinkamiausi\u0105? (2026 gidas)<\/h3>\n\n<div style=\"padding-top:0rem;padding-bottom:1.25rem;padding-left:1.25rem;padding-right:1.25rem;\" class=\"wp-block-post-excerpt\"><p class=\"wp-block-post-excerpt__excerpt\">Norint pasirinkti tinkamiausi\u0105 elektroninio para\u0161o sprendim\u0105 verslui, reikia \u012fvertinti tris pagrindinius kriterijus: teisin\u0119 gali\u0105 (paprastas vs. kvalifikuotas para\u0161as), integracijos galimybes (API, CRM s\u0105sajos) ir atitikt\u012f ES reglamentams (eIDAS, BDAR). <\/p><\/div><\/div>\n\n\n<a style=\"padding-right:1.25rem;padding-left:1.25rem;padding-bottom:1rem; text-decoration:none;\" class=\"has-text-color has-zs-dark-green-color wp-block-read-more\" href=\"https:\/\/zebrasign.com\/lt\/naujienos\/elektroninis-parasas-smulkiam-vidutiniam-verslui-kaip-pasirinkti-tinkamiausia-2026-gidas\/\" target=\"_self\">Skaityti pla\u010diau<span class=\"screen-reader-text\">: Elektroninis para\u0161as smulkiam-vidutiniam verslui: kaip pasirinkti tinkamiausi\u0105? (2026 gidas)<\/span><\/a><\/div>\n\n<\/li><li class=\"wp-block-post post-9502 news type-news status-publish format-standard has-post-thumbnail hentry\">\n\n<div id=\"{{post_permalink}}\" class=\"wp-block-group is-vertical is-nowrap is-layout-flex wp-container-core-group-layout-11 wp-block-group-is-layout-flex\">\n<div class=\"wp-block-group is-layout-constrained wp-block-group-is-layout-constrained\"><figure style=\"aspect-ratio:4\/3;\" class=\"wp-block-post-featured-image\"><a href=\"https:\/\/zebrasign.com\/lt\/naujienos\/kaip-saugiai-pasirasyti-pdf-dokumenta-narsykleje-issamus-vadovas\/\" target=\"_self\"  ><img loading=\"lazy\" decoding=\"async\" width=\"1536\" height=\"1024\" src=\"https:\/\/zebrasign.com\/wp-content\/uploads\/2025\/11\/Safe-electronic-signature.png\" class=\"attachment-post-thumbnail size-post-thumbnail wp-post-image\" alt=\"Kaip saugiai pasira\u0161yti PDF dokument\u0105 nar\u0161ykl\u0117je: I\u0161samus vadovas\" style=\"border-top-left-radius:10px;border-top-right-radius:10px;width:100%;height:100%;object-fit:cover;\" \/><\/a><\/figure>\n\n<h3 style=\"padding-right:1.25rem;padding-left:1.25rem;padding-top:1rem;padding-bottom:1rem;\" class=\"wp-block-post-title\">Kaip saugiai pasira\u0161yti PDF dokument\u0105 nar\u0161ykl\u0117je: I\u0161samus vadovas<\/h3>\n\n<div style=\"padding-top:0rem;padding-bottom:1.25rem;padding-left:1.25rem;padding-right:1.25rem;\" class=\"wp-block-post-excerpt\"><p class=\"wp-block-post-excerpt__excerpt\">Saugiam PDF dokument\u0173 pasira\u0161ymui nar\u0161ykl\u0117je b\u016btina naudoti\u00a0eIDAS sertifikuot\u0105 platform\u0105\u00a0(toki\u0105 kaip \u201eZebraSign\u201c) ir\u00a0kvalifikuot\u0105 elektronin\u012f para\u0161\u0105\u00a0(Smart-ID, Mobile-ID). Tik \u0161is derinys u\u017etikrina teisin\u0119 dokumento gali\u0105, prilygstan\u010di\u0105 fiziniam para\u0161ui, ir garantuoja duomen\u0173 saugum\u0105. Nemokami, nesertifikuoti \u012frankiai da\u017enai neu\u017etikrina BDAR atitikties ir negarantuoja dokumento nekintamumo po pasira\u0161ymo. <\/p><\/div><\/div>\n\n\n<a style=\"padding-right:1.25rem;padding-left:1.25rem;padding-bottom:1rem; text-decoration:none;\" class=\"has-text-color has-zs-dark-green-color wp-block-read-more\" href=\"https:\/\/zebrasign.com\/lt\/naujienos\/kaip-saugiai-pasirasyti-pdf-dokumenta-narsykleje-issamus-vadovas\/\" target=\"_self\">Skaityti pla\u010diau<span class=\"screen-reader-text\">: Kaip saugiai pasira\u0161yti PDF dokument\u0105 nar\u0161ykl\u0117je: I\u0161samus vadovas<\/span><\/a><\/div>\n\n<\/li><\/ul>\n\n\n<div class=\"wp-block-buttons zs-biggger-button-container is-content-justification-center is-layout-flex wp-container-core-buttons-layout-1 wp-block-buttons-is-layout-flex\" style=\"margin-top:2rem;margin-bottom:2rem\">\n<div class=\"wp-block-button zs-bigger-button\"><a class=\"wp-block-button__link wp-element-button\" href=\"https:\/\/zebrasign.com\/lt\/naujienos\/\">Visos naujienos <\/a><\/div>\n<\/div>\n\n\n\n\n\n\n\n<div style=\"height:2rem;width:0px\" aria-hidden=\"true\" class=\"wp-block-spacer\"><\/div>\n<\/div>\n<\/section>\n\n\n\n<section class=\"wp-block-group container has-background is-vertical is-layout-flex wp-container-core-group-layout-14 wp-block-group-is-layout-flex\" style=\"background-color:#eef5f5;padding-bottom:3rem\">\n<div class=\"wp-block-group container__inner--md has-border-color is-vertical is-layout-flex wp-container-core-group-layout-13 wp-block-group-is-layout-flex\" style=\"border-color:#246560;border-width:1px;border-radius:10px;padding-top:1.25rem;padding-right:1.25rem;padding-bottom:1.25rem;padding-left:1.25rem\">\n<h2 class=\"wp-block-heading\" style=\"line-height:1.2\">Naujienlai\u0161kio prenumerata<\/h2>\n\n\n\n<div class=\"wp-block-columns is-layout-flex wp-container-core-columns-layout-3 wp-block-columns-is-layout-flex\">\n<div class=\"wp-block-column is-vertically-aligned-top is-layout-flow wp-block-column-is-layout-flow\">\n<p style=\"margin-bottom:20px\">Norite b\u016bti visada informuoti? U\u017esisakykite m\u016bs\u0173 naujienlai\u0161k\u012f ir gaukite naujausi\u0105 informacij\u0105 tiesiai \u012f savo pa\u0161to d\u0117\u017eut\u0119. I\u0161skirtiniai straipsniai, aktualijos ir svarbiausios naujienos laukia J\u016bs\u0173! Prenumeruokite dabar ir nepraleiskite svarbiausi\u0173 \u012fvyki\u0173!<\/p>\n<\/div>\n\n\n\n<div class=\"wp-block-column is-vertically-aligned-bottom zebra-form is-layout-flow wp-block-column-is-layout-flow\">\n<div id=\"web-form-657155268166b\"><\/div>\n<script>\n  (() => {\n    const loadScript = () => {\n      let s = document.getElementsByTagName('script');\n      let n = document.createElement('script');\n      n.src = 'https:\/\/cloud.zebracloud.com\/forms\/657155268166b\/load.app.js' + window.location.search;\n      s[s.length - 1].parentNode.insertBefore(n, s[s.length - 1]);\n\n      document.removeEventListener('mousemove', handleEvent);\n      document.removeEventListener('scroll', handleEvent);\n    };\n\n    const handleEvent = () => {\n      if (!window.scriptLoaded) {\n        window.scriptLoaded = true;\n        loadScript();\n      }\n    };\n\n    document.addEventListener('mousemove', handleEvent);\n    document.addEventListener('scroll', handleEvent);\n  })();\n<\/script>\n<\/div>\n<\/div>\n<\/div>\n<\/section>\n","protected":false},"excerpt":{"rendered":"<p>Kontaktai \u017dalgirio g. 72, Vilnius, Lietuva info@zebrasign.com +370 619 61444 Zebracloud, AB \u012emon\u0117s kodas 305694624 PVM kodas LT100013898117 A. s. LT347300010166332910 Bankas \u201eSwedbank\u201c, AB<\/p>\n","protected":false},"author":1,"featured_media":2583,"parent":0,"menu_order":0,"comment_status":"closed","ping_status":"closed","template":"","meta":{"footnotes":""},"yoast_head":"<!-- This site is optimized with the Yoast SEO Premium plugin v22.8 (Yoast SEO v22.8) - https:\/\/yoast.com\/wordpress\/plugins\/seo\/ -->\n<title>Kontaktai ir informacija apie \u012fmon\u0119 | ZebraSign<\/title>\n<meta name=\"description\" content=\"Jei turite klausim\u0173 apie ZebraSign kvalifikuoto elektroninio para\u0161o ir skaitmenini\u0173 dokument\u0173 platform\u0105, nedvejodami mums ra\u0161ykite!\" \/>\n<meta name=\"robots\" content=\"index, follow, max-snippet:-1, max-image-preview:large, max-video-preview:-1\" \/>\n<link rel=\"canonical\" href=\"https:\/\/zebrasign.com\/lt\/kontaktai\/\" \/>\n<meta property=\"og:locale\" content=\"lt_LT\" \/>\n<meta property=\"og:type\" content=\"article\" \/>\n<meta property=\"og:title\" content=\"Kontaktai\" \/>\n<meta property=\"og:description\" content=\"Jei turite klausim\u0173 apie ZebraSign kvalifikuoto elektroninio para\u0161o ir skaitmenini\u0173 dokument\u0173 platform\u0105, nedvejodami mums ra\u0161ykite!\" \/>\n<meta property=\"og:url\" content=\"https:\/\/zebrasign.com\/lt\/kontaktai\/\" \/>\n<meta property=\"og:site_name\" content=\"ZebraSign\" \/>\n<meta property=\"article:modified_time\" content=\"2025-05-08T08:48:41+00:00\" \/>\n<meta property=\"og:image\" content=\"https:\/\/zebrasign.com\/wp-content\/uploads\/2024\/05\/FB-Vizualai-Patvirtinti-23.png\" \/>\n\t<meta property=\"og:image:width\" content=\"1080\" \/>\n\t<meta property=\"og:image:height\" content=\"1080\" \/>\n\t<meta property=\"og:image:type\" content=\"image\/png\" \/>\n<meta name=\"twitter:card\" content=\"summary_large_image\" \/>\n<meta name=\"twitter:label1\" content=\"Est. reading time\" \/>\n\t<meta name=\"twitter:data1\" content=\"2 minut\u0117s\" \/>\n<script type=\"application\/ld+json\" class=\"yoast-schema-graph\">{\"@context\":\"https:\/\/schema.org\",\"@graph\":[{\"@type\":\"WebPage\",\"@id\":\"https:\/\/zebrasign.com\/lt\/kontaktai\/\",\"url\":\"https:\/\/zebrasign.com\/lt\/kontaktai\/\",\"name\":\"Kontaktai ir informacija apie \u012fmon\u0119 | ZebraSign\",\"isPartOf\":{\"@id\":\"https:\/\/zebrasign.com\/lt\/#website\"},\"primaryImageOfPage\":{\"@id\":\"https:\/\/zebrasign.com\/lt\/kontaktai\/#primaryimage\"},\"image\":{\"@id\":\"https:\/\/zebrasign.com\/lt\/kontaktai\/#primaryimage\"},\"thumbnailUrl\":\"https:\/\/zebrasign.com\/wp-content\/uploads\/2024\/05\/FB-Vizualai-Patvirtinti-23.png\",\"datePublished\":\"2023-10-23T02:31:35+00:00\",\"dateModified\":\"2025-05-08T08:48:41+00:00\",\"description\":\"Jei turite klausim\u0173 apie ZebraSign kvalifikuoto elektroninio para\u0161o ir skaitmenini\u0173 dokument\u0173 platform\u0105, nedvejodami mums ra\u0161ykite!\",\"inLanguage\":\"lt-LT\",\"potentialAction\":[{\"@type\":\"ReadAction\",\"target\":[\"https:\/\/zebrasign.com\/lt\/kontaktai\/\"]}]},{\"@type\":\"ImageObject\",\"inLanguage\":\"lt-LT\",\"@id\":\"https:\/\/zebrasign.com\/lt\/kontaktai\/#primaryimage\",\"url\":\"https:\/\/zebrasign.com\/wp-content\/uploads\/2024\/05\/FB-Vizualai-Patvirtinti-23.png\",\"contentUrl\":\"https:\/\/zebrasign.com\/wp-content\/uploads\/2024\/05\/FB-Vizualai-Patvirtinti-23.png\",\"width\":1080,\"height\":1080,\"caption\":\"El. para\u0161as\"},{\"@type\":\"WebSite\",\"@id\":\"https:\/\/zebrasign.com\/lt\/#website\",\"url\":\"https:\/\/zebrasign.com\/lt\/\",\"name\":\"ZebraSign\",\"description\":\"\",\"potentialAction\":[{\"@type\":\"SearchAction\",\"target\":{\"@type\":\"EntryPoint\",\"urlTemplate\":\"https:\/\/zebrasign.com\/lt\/?s={search_term_string}\"},\"query-input\":\"required name=search_term_string\"}],\"inLanguage\":\"lt-LT\"}]}<\/script>\n<!-- \/ Yoast SEO Premium plugin. -->","yoast_head_json":{"title":"Kontaktai ir informacija apie \u012fmon\u0119 | ZebraSign","description":"Jei turite klausim\u0173 apie ZebraSign kvalifikuoto elektroninio para\u0161o ir skaitmenini\u0173 dokument\u0173 platform\u0105, nedvejodami mums ra\u0161ykite!","robots":{"index":"index","follow":"follow","max-snippet":"max-snippet:-1","max-image-preview":"max-image-preview:large","max-video-preview":"max-video-preview:-1"},"canonical":"https:\/\/zebrasign.com\/lt\/kontaktai\/","og_locale":"lt_LT","og_type":"article","og_title":"Kontaktai","og_description":"Jei turite klausim\u0173 apie ZebraSign kvalifikuoto elektroninio para\u0161o ir skaitmenini\u0173 dokument\u0173 platform\u0105, nedvejodami mums ra\u0161ykite!","og_url":"https:\/\/zebrasign.com\/lt\/kontaktai\/","og_site_name":"ZebraSign","article_modified_time":"2025-05-08T08:48:41+00:00","og_image":[{"width":1080,"height":1080,"url":"https:\/\/zebrasign.com\/wp-content\/uploads\/2024\/05\/FB-Vizualai-Patvirtinti-23.png","type":"image\/png"}],"twitter_card":"summary_large_image","twitter_misc":{"Est. reading time":"2 minut\u0117s"},"schema":{"@context":"https:\/\/schema.org","@graph":[{"@type":"WebPage","@id":"https:\/\/zebrasign.com\/lt\/kontaktai\/","url":"https:\/\/zebrasign.com\/lt\/kontaktai\/","name":"Kontaktai ir informacija apie \u012fmon\u0119 | ZebraSign","isPartOf":{"@id":"https:\/\/zebrasign.com\/lt\/#website"},"primaryImageOfPage":{"@id":"https:\/\/zebrasign.com\/lt\/kontaktai\/#primaryimage"},"image":{"@id":"https:\/\/zebrasign.com\/lt\/kontaktai\/#primaryimage"},"thumbnailUrl":"https:\/\/zebrasign.com\/wp-content\/uploads\/2024\/05\/FB-Vizualai-Patvirtinti-23.png","datePublished":"2023-10-23T02:31:35+00:00","dateModified":"2025-05-08T08:48:41+00:00","description":"Jei turite klausim\u0173 apie ZebraSign kvalifikuoto elektroninio para\u0161o ir skaitmenini\u0173 dokument\u0173 platform\u0105, nedvejodami mums ra\u0161ykite!","inLanguage":"lt-LT","potentialAction":[{"@type":"ReadAction","target":["https:\/\/zebrasign.com\/lt\/kontaktai\/"]}]},{"@type":"ImageObject","inLanguage":"lt-LT","@id":"https:\/\/zebrasign.com\/lt\/kontaktai\/#primaryimage","url":"https:\/\/zebrasign.com\/wp-content\/uploads\/2024\/05\/FB-Vizualai-Patvirtinti-23.png","contentUrl":"https:\/\/zebrasign.com\/wp-content\/uploads\/2024\/05\/FB-Vizualai-Patvirtinti-23.png","width":1080,"height":1080,"caption":"El. para\u0161as"},{"@type":"WebSite","@id":"https:\/\/zebrasign.com\/lt\/#website","url":"https:\/\/zebrasign.com\/lt\/","name":"ZebraSign","description":"","potentialAction":[{"@type":"SearchAction","target":{"@type":"EntryPoint","urlTemplate":"https:\/\/zebrasign.com\/lt\/?s={search_term_string}"},"query-input":"required name=search_term_string"}],"inLanguage":"lt-LT"}]}},"_links":{"self":[{"href":"https:\/\/zebrasign.com\/lt\/wp-json\/wp\/v2\/pages\/225"}],"collection":[{"href":"https:\/\/zebrasign.com\/lt\/wp-json\/wp\/v2\/pages"}],"about":[{"href":"https:\/\/zebrasign.com\/lt\/wp-json\/wp\/v2\/types\/page"}],"author":[{"embeddable":true,"href":"https:\/\/zebrasign.com\/lt\/wp-json\/wp\/v2\/users\/1"}],"replies":[{"embeddable":true,"href":"https:\/\/zebrasign.com\/lt\/wp-json\/wp\/v2\/comments?post=225"}],"version-history":[{"count":24,"href":"https:\/\/zebrasign.com\/lt\/wp-json\/wp\/v2\/pages\/225\/revisions"}],"predecessor-version":[{"id":7281,"href":"https:\/\/zebrasign.com\/lt\/wp-json\/wp\/v2\/pages\/225\/revisions\/7281"}],"wp:featuredmedia":[{"embeddable":true,"href":"https:\/\/zebrasign.com\/lt\/wp-json\/wp\/v2\/media\/2583"}],"wp:attachment":[{"href":"https:\/\/zebrasign.com\/lt\/wp-json\/wp\/v2\/media?parent=225"}],"curies":[{"name":"wp","href":"https:\/\/api.w.org\/{rel}","templated":true}]}}