{"id":9266,"date":"2025-09-30T10:07:38","date_gmt":"2025-09-30T07:07:38","guid":{"rendered":"https:\/\/zebrasign.com\/?page_id=9266"},"modified":"2025-12-19T15:18:24","modified_gmt":"2025-12-19T13:18:24","slug":"partneriu-programa","status":"publish","type":"page","link":"https:\/\/zebrasign.com\/lt\/partneriu-programa\/","title":{"rendered":"Partner"},"content":{"rendered":"\n<iframe class=\"page-frame\" loading=\"eager\" data-clarity-mask=\"true\" src=\"https:\/\/zebra-ignite-affiliates-04.lovable.app\" width=\"100%\" height=\"100vh\" frameborder=\"0\" style=\"border: none\" title=\"ZebraSign - Dokumentai Komandoms\">\n<\/iframe>\n\n\n\n<script>\nfunction trackEvent(eventName) {\n  if ( typeof fbq === 'function' ) {\n    fbq( 'trackCustom', eventName, {} );\n  }\n\n  if ( typeof gtag === 'function' ) {\n    gtag( 'event', eventName, {} );\n  }\n}\nwindow.addEventListener(\"message\", (event) => {\n\n  if (event.data?.type === 'affiliate-form-before-next-step'){\n      trackEvent('affiliate-form-next-step');\n  }\n\n  if (event.data?.type === 'affiliate-form-success') {\n      trackEvent('affiliate-form-success');\n  }\n});\n\n<\/script>\n","protected":false},"excerpt":{"rendered":"","protected":false},"author":6,"featured_media":2583,"parent":0,"menu_order":0,"comment_status":"closed","ping_status":"closed","template":"","meta":{"footnotes":""},"yoast_head":"<!-- This site is optimized with the Yoast SEO Premium plugin v22.8 (Yoast SEO v22.8) - https:\/\/yoast.com\/wordpress\/plugins\/seo\/ -->\n<title>Partneri\u0173 programa | ZebraSign<\/title>\n<meta name=\"description\" content=\"U\u017esidirbk papildomai - tapk ZebraSign partneriu! U\u017esidirbk 20% nuo kiekvienos s\u0117kmingos atvesto kliento prenumeratos. Prisijunkite nemokamai!\" \/>\n<meta name=\"robots\" content=\"index, follow, max-snippet:-1, max-image-preview:large, max-video-preview:-1\" \/>\n<link rel=\"canonical\" href=\"https:\/\/zebrasign.com\/lt\/partneriu-programa\/\" \/>\n<meta property=\"og:locale\" content=\"lt_LT\" \/>\n<meta property=\"og:type\" content=\"article\" \/>\n<meta property=\"og:title\" content=\"Partneri\u0173 programa\" \/>\n<meta property=\"og:description\" content=\"U\u017esidirbk papildomai \u2013 tapk ZebraSign partneriu! U\u017esidirbk 20% nuo kiekvienos s\u0117kmingos atvesto kliento prenumeratos. Prisijunkite \u0161iandien!\" \/>\n<meta property=\"og:url\" content=\"https:\/\/zebrasign.com\/lt\/partneriu-programa\/\" \/>\n<meta property=\"og:site_name\" content=\"ZebraSign\" \/>\n<meta property=\"article:modified_time\" content=\"2025-12-19T13:18:24+00:00\" \/>\n<meta property=\"og:image\" content=\"https:\/\/zebrasign.com\/wp-content\/uploads\/2024\/05\/FB-Vizualai-Patvirtinti-23.png\" \/>\n\t<meta property=\"og:image:width\" content=\"1080\" \/>\n\t<meta property=\"og:image:height\" content=\"1080\" \/>\n\t<meta property=\"og:image:type\" content=\"image\/png\" \/>\n<meta name=\"twitter:card\" content=\"summary_large_image\" \/>\n<meta name=\"twitter:title\" content=\"Partner\" \/>\n<meta name=\"twitter:label1\" content=\"Est. reading time\" \/>\n\t<meta name=\"twitter:data1\" content=\"1 minut\u0117\" \/>\n<script type=\"application\/ld+json\" class=\"yoast-schema-graph\">{\"@context\":\"https:\/\/schema.org\",\"@graph\":[{\"@type\":\"WebPage\",\"@id\":\"https:\/\/zebrasign.com\/lt\/partneriu-programa\/\",\"url\":\"https:\/\/zebrasign.com\/lt\/partneriu-programa\/\",\"name\":\"Partneri\u0173 programa | ZebraSign\",\"isPartOf\":{\"@id\":\"https:\/\/zebrasign.com\/lt\/#website\"},\"primaryImageOfPage\":{\"@id\":\"https:\/\/zebrasign.com\/lt\/partneriu-programa\/#primaryimage\"},\"image\":{\"@id\":\"https:\/\/zebrasign.com\/lt\/partneriu-programa\/#primaryimage\"},\"thumbnailUrl\":\"https:\/\/zebrasign.com\/wp-content\/uploads\/2024\/05\/FB-Vizualai-Patvirtinti-23.png\",\"datePublished\":\"2025-09-30T07:07:38+00:00\",\"dateModified\":\"2025-12-19T13:18:24+00:00\",\"description\":\"U\u017esidirbk papildomai - tapk ZebraSign partneriu! U\u017esidirbk 20% nuo kiekvienos s\u0117kmingos atvesto kliento prenumeratos. Prisijunkite nemokamai!\",\"inLanguage\":\"lt-LT\",\"potentialAction\":[{\"@type\":\"ReadAction\",\"target\":[\"https:\/\/zebrasign.com\/lt\/partneriu-programa\/\"]}]},{\"@type\":\"ImageObject\",\"inLanguage\":\"lt-LT\",\"@id\":\"https:\/\/zebrasign.com\/lt\/partneriu-programa\/#primaryimage\",\"url\":\"https:\/\/zebrasign.com\/wp-content\/uploads\/2024\/05\/FB-Vizualai-Patvirtinti-23.png\",\"contentUrl\":\"https:\/\/zebrasign.com\/wp-content\/uploads\/2024\/05\/FB-Vizualai-Patvirtinti-23.png\",\"width\":1080,\"height\":1080,\"caption\":\"El. para\u0161as\"},{\"@type\":\"WebSite\",\"@id\":\"https:\/\/zebrasign.com\/lt\/#website\",\"url\":\"https:\/\/zebrasign.com\/lt\/\",\"name\":\"ZebraSign\",\"description\":\"\",\"potentialAction\":[{\"@type\":\"SearchAction\",\"target\":{\"@type\":\"EntryPoint\",\"urlTemplate\":\"https:\/\/zebrasign.com\/lt\/?s={search_term_string}\"},\"query-input\":\"required name=search_term_string\"}],\"inLanguage\":\"lt-LT\"}]}<\/script>\n<!-- \/ Yoast SEO Premium plugin. -->","yoast_head_json":{"title":"Partneri\u0173 programa | ZebraSign","description":"U\u017esidirbk papildomai - tapk ZebraSign partneriu! U\u017esidirbk 20% nuo kiekvienos s\u0117kmingos atvesto kliento prenumeratos. Prisijunkite nemokamai!","robots":{"index":"index","follow":"follow","max-snippet":"max-snippet:-1","max-image-preview":"max-image-preview:large","max-video-preview":"max-video-preview:-1"},"canonical":"https:\/\/zebrasign.com\/lt\/partneriu-programa\/","og_locale":"lt_LT","og_type":"article","og_title":"Partneri\u0173 programa","og_description":"U\u017esidirbk papildomai \u2013 tapk ZebraSign partneriu! U\u017esidirbk 20% nuo kiekvienos s\u0117kmingos atvesto kliento prenumeratos. Prisijunkite \u0161iandien!","og_url":"https:\/\/zebrasign.com\/lt\/partneriu-programa\/","og_site_name":"ZebraSign","article_modified_time":"2025-12-19T13:18:24+00:00","og_image":[{"width":1080,"height":1080,"url":"https:\/\/zebrasign.com\/wp-content\/uploads\/2024\/05\/FB-Vizualai-Patvirtinti-23.png","type":"image\/png"}],"twitter_card":"summary_large_image","twitter_title":"Partner","twitter_misc":{"Est. reading time":"1 minut\u0117"},"schema":{"@context":"https:\/\/schema.org","@graph":[{"@type":"WebPage","@id":"https:\/\/zebrasign.com\/lt\/partneriu-programa\/","url":"https:\/\/zebrasign.com\/lt\/partneriu-programa\/","name":"Partneri\u0173 programa | ZebraSign","isPartOf":{"@id":"https:\/\/zebrasign.com\/lt\/#website"},"primaryImageOfPage":{"@id":"https:\/\/zebrasign.com\/lt\/partneriu-programa\/#primaryimage"},"image":{"@id":"https:\/\/zebrasign.com\/lt\/partneriu-programa\/#primaryimage"},"thumbnailUrl":"https:\/\/zebrasign.com\/wp-content\/uploads\/2024\/05\/FB-Vizualai-Patvirtinti-23.png","datePublished":"2025-09-30T07:07:38+00:00","dateModified":"2025-12-19T13:18:24+00:00","description":"U\u017esidirbk papildomai - tapk ZebraSign partneriu! U\u017esidirbk 20% nuo kiekvienos s\u0117kmingos atvesto kliento prenumeratos. Prisijunkite nemokamai!","inLanguage":"lt-LT","potentialAction":[{"@type":"ReadAction","target":["https:\/\/zebrasign.com\/lt\/partneriu-programa\/"]}]},{"@type":"ImageObject","inLanguage":"lt-LT","@id":"https:\/\/zebrasign.com\/lt\/partneriu-programa\/#primaryimage","url":"https:\/\/zebrasign.com\/wp-content\/uploads\/2024\/05\/FB-Vizualai-Patvirtinti-23.png","contentUrl":"https:\/\/zebrasign.com\/wp-content\/uploads\/2024\/05\/FB-Vizualai-Patvirtinti-23.png","width":1080,"height":1080,"caption":"El. para\u0161as"},{"@type":"WebSite","@id":"https:\/\/zebrasign.com\/lt\/#website","url":"https:\/\/zebrasign.com\/lt\/","name":"ZebraSign","description":"","potentialAction":[{"@type":"SearchAction","target":{"@type":"EntryPoint","urlTemplate":"https:\/\/zebrasign.com\/lt\/?s={search_term_string}"},"query-input":"required name=search_term_string"}],"inLanguage":"lt-LT"}]}},"_links":{"self":[{"href":"https:\/\/zebrasign.com\/lt\/wp-json\/wp\/v2\/pages\/9266"}],"collection":[{"href":"https:\/\/zebrasign.com\/lt\/wp-json\/wp\/v2\/pages"}],"about":[{"href":"https:\/\/zebrasign.com\/lt\/wp-json\/wp\/v2\/types\/page"}],"author":[{"embeddable":true,"href":"https:\/\/zebrasign.com\/lt\/wp-json\/wp\/v2\/users\/6"}],"replies":[{"embeddable":true,"href":"https:\/\/zebrasign.com\/lt\/wp-json\/wp\/v2\/comments?post=9266"}],"version-history":[{"count":15,"href":"https:\/\/zebrasign.com\/lt\/wp-json\/wp\/v2\/pages\/9266\/revisions"}],"predecessor-version":[{"id":9765,"href":"https:\/\/zebrasign.com\/lt\/wp-json\/wp\/v2\/pages\/9266\/revisions\/9765"}],"wp:featuredmedia":[{"embeddable":true,"href":"https:\/\/zebrasign.com\/lt\/wp-json\/wp\/v2\/media\/2583"}],"wp:attachment":[{"href":"https:\/\/zebrasign.com\/lt\/wp-json\/wp\/v2\/media?parent=9266"}],"curies":[{"name":"wp","href":"https:\/\/api.w.org\/{rel}","templated":true}]}}