{"id":9330,"date":"2025-10-14T13:55:06","date_gmt":"2025-10-14T10:55:06","guid":{"rendered":"https:\/\/zebrasign.com\/?page_id=9330"},"modified":"2025-11-11T12:32:34","modified_gmt":"2025-11-11T10:32:34","slug":"dokumentai-komandoms","status":"publish","type":"page","link":"https:\/\/zebrasign.com\/lt\/dokumentai-komandoms\/","title":{"rendered":"PPC &#8211; Komandoms"},"content":{"rendered":"\n<iframe loading=\"lazy\" class=\"page-frame\" data-clarity-mask=\"true\" src=\"https:\/\/dokumentai-komandoms.lovable.app\/\" width=\"100%\" height=\"100vh\" frameborder=\"0\" style=\"border: none\" title=\"ZebraSign - Dokumentai Komandoms\">\n<\/iframe>\n\n\n\n<script>\nfunction trackEvent(eventName) {\n  if ( typeof fbq === 'function' ) {\n    fbq( 'trackCustom', eventName, {} );\n  }\n\n  if ( typeof gtag === 'function' ) {\n    gtag( 'event', eventName, {} );\n  }\n}\nwindow.addEventListener(\"message\", (event) => {\n  if (event.data?.type === 'komandoms-form-before-next-step'){\n      trackEvent('komandoms-form-next-step');\n  }\n\n  if (event.data?.type === 'komandoms-form-success') {\n      trackEvent('komandoms-form-success');\n  }\n});\n<\/script>\n","protected":false},"excerpt":{"rendered":"","protected":false},"author":10,"featured_media":0,"parent":0,"menu_order":0,"comment_status":"closed","ping_status":"closed","template":"","meta":{"footnotes":""},"yoast_head":"<!-- This site is optimized with the Yoast SEO Premium plugin v22.8 (Yoast SEO v22.8) - https:\/\/yoast.com\/wordpress\/plugins\/seo\/ -->\n<title>Elektroniniai dokumentai visai komandai | ZebraSign<\/title>\n<meta name=\"description\" content=\"Elektronini\u0173 dokument\u0173 sprendimas komandoms. El. para\u0161as, \u017eurnalai, pasira\u0161ymas plan\u0161et\u0117je \u2013 viskas vidiniams ir i\u0161oriniams dokumentams.\" \/>\n<meta name=\"robots\" content=\"index, follow, max-snippet:-1, max-image-preview:large, max-video-preview:-1\" \/>\n<link rel=\"canonical\" href=\"https:\/\/zebrasign.com\/lt\/dokumentai-komandoms\/\" \/>\n<meta property=\"og:locale\" content=\"lt_LT\" \/>\n<meta property=\"og:type\" content=\"article\" \/>\n<meta property=\"og:title\" content=\"PPC &#8211; Komandoms\" \/>\n<meta property=\"og:description\" content=\"Elektronini\u0173 dokument\u0173 sprendimas komandoms. El. para\u0161as, \u017eurnalai, pasira\u0161ymas plan\u0161et\u0117je \u2013 viskas vidiniams ir i\u0161oriniams dokumentams.\" \/>\n<meta property=\"og:url\" content=\"https:\/\/zebrasign.com\/lt\/dokumentai-komandoms\/\" \/>\n<meta property=\"og:site_name\" content=\"ZebraSign\" \/>\n<meta property=\"article:modified_time\" content=\"2025-11-11T10:32:34+00:00\" \/>\n<meta name=\"twitter:card\" content=\"summary_large_image\" \/>\n<script type=\"application\/ld+json\" class=\"yoast-schema-graph\">{\"@context\":\"https:\/\/schema.org\",\"@graph\":[{\"@type\":\"WebPage\",\"@id\":\"https:\/\/zebrasign.com\/lt\/dokumentai-komandoms\/\",\"url\":\"https:\/\/zebrasign.com\/lt\/dokumentai-komandoms\/\",\"name\":\"Elektroniniai dokumentai visai komandai | ZebraSign\",\"isPartOf\":{\"@id\":\"https:\/\/zebrasign.com\/lt\/#website\"},\"datePublished\":\"2025-10-14T10:55:06+00:00\",\"dateModified\":\"2025-11-11T10:32:34+00:00\",\"description\":\"Elektronini\u0173 dokument\u0173 sprendimas komandoms. El. para\u0161as, \u017eurnalai, pasira\u0161ymas plan\u0161et\u0117je \u2013 viskas vidiniams ir i\u0161oriniams dokumentams.\",\"inLanguage\":\"lt-LT\",\"potentialAction\":[{\"@type\":\"ReadAction\",\"target\":[\"https:\/\/zebrasign.com\/lt\/dokumentai-komandoms\/\"]}]},{\"@type\":\"WebSite\",\"@id\":\"https:\/\/zebrasign.com\/lt\/#website\",\"url\":\"https:\/\/zebrasign.com\/lt\/\",\"name\":\"ZebraSign\",\"description\":\"\",\"potentialAction\":[{\"@type\":\"SearchAction\",\"target\":{\"@type\":\"EntryPoint\",\"urlTemplate\":\"https:\/\/zebrasign.com\/lt\/?s={search_term_string}\"},\"query-input\":\"required name=search_term_string\"}],\"inLanguage\":\"lt-LT\"}]}<\/script>\n<!-- \/ Yoast SEO Premium plugin. -->","yoast_head_json":{"title":"Elektroniniai dokumentai visai komandai | ZebraSign","description":"Elektronini\u0173 dokument\u0173 sprendimas komandoms. El. para\u0161as, \u017eurnalai, pasira\u0161ymas plan\u0161et\u0117je \u2013 viskas vidiniams ir i\u0161oriniams dokumentams.","robots":{"index":"index","follow":"follow","max-snippet":"max-snippet:-1","max-image-preview":"max-image-preview:large","max-video-preview":"max-video-preview:-1"},"canonical":"https:\/\/zebrasign.com\/lt\/dokumentai-komandoms\/","og_locale":"lt_LT","og_type":"article","og_title":"PPC &#8211; Komandoms","og_description":"Elektronini\u0173 dokument\u0173 sprendimas komandoms. El. para\u0161as, \u017eurnalai, pasira\u0161ymas plan\u0161et\u0117je \u2013 viskas vidiniams ir i\u0161oriniams dokumentams.","og_url":"https:\/\/zebrasign.com\/lt\/dokumentai-komandoms\/","og_site_name":"ZebraSign","article_modified_time":"2025-11-11T10:32:34+00:00","twitter_card":"summary_large_image","schema":{"@context":"https:\/\/schema.org","@graph":[{"@type":"WebPage","@id":"https:\/\/zebrasign.com\/lt\/dokumentai-komandoms\/","url":"https:\/\/zebrasign.com\/lt\/dokumentai-komandoms\/","name":"Elektroniniai dokumentai visai komandai | ZebraSign","isPartOf":{"@id":"https:\/\/zebrasign.com\/lt\/#website"},"datePublished":"2025-10-14T10:55:06+00:00","dateModified":"2025-11-11T10:32:34+00:00","description":"Elektronini\u0173 dokument\u0173 sprendimas komandoms. El. para\u0161as, \u017eurnalai, pasira\u0161ymas plan\u0161et\u0117je \u2013 viskas vidiniams ir i\u0161oriniams dokumentams.","inLanguage":"lt-LT","potentialAction":[{"@type":"ReadAction","target":["https:\/\/zebrasign.com\/lt\/dokumentai-komandoms\/"]}]},{"@type":"WebSite","@id":"https:\/\/zebrasign.com\/lt\/#website","url":"https:\/\/zebrasign.com\/lt\/","name":"ZebraSign","description":"","potentialAction":[{"@type":"SearchAction","target":{"@type":"EntryPoint","urlTemplate":"https:\/\/zebrasign.com\/lt\/?s={search_term_string}"},"query-input":"required name=search_term_string"}],"inLanguage":"lt-LT"}]}},"_links":{"self":[{"href":"https:\/\/zebrasign.com\/lt\/wp-json\/wp\/v2\/pages\/9330"}],"collection":[{"href":"https:\/\/zebrasign.com\/lt\/wp-json\/wp\/v2\/pages"}],"about":[{"href":"https:\/\/zebrasign.com\/lt\/wp-json\/wp\/v2\/types\/page"}],"author":[{"embeddable":true,"href":"https:\/\/zebrasign.com\/lt\/wp-json\/wp\/v2\/users\/10"}],"replies":[{"embeddable":true,"href":"https:\/\/zebrasign.com\/lt\/wp-json\/wp\/v2\/comments?post=9330"}],"version-history":[{"count":11,"href":"https:\/\/zebrasign.com\/lt\/wp-json\/wp\/v2\/pages\/9330\/revisions"}],"predecessor-version":[{"id":9443,"href":"https:\/\/zebrasign.com\/lt\/wp-json\/wp\/v2\/pages\/9330\/revisions\/9443"}],"wp:attachment":[{"href":"https:\/\/zebrasign.com\/lt\/wp-json\/wp\/v2\/media?parent=9330"}],"curies":[{"name":"wp","href":"https:\/\/api.w.org\/{rel}","templated":true}]}}